{"id":47,"date":"2025-09-09T22:16:29","date_gmt":"2025-09-09T22:16:29","guid":{"rendered":"https:\/\/www.botscol.com\/?page_id=47"},"modified":"2025-12-30T21:25:20","modified_gmt":"2025-12-30T21:25:20","slug":"nosotros","status":"publish","type":"page","link":"https:\/\/www.botscol.com\/index.php\/nosotros\/","title":{"rendered":"Nosotros"},"content":{"rendered":"\n<div class=\"wp-block-cover alignfull\" style=\"min-height:500px;aspect-ratio:unset;\"><img loading=\"lazy\" decoding=\"async\" width=\"1408\" height=\"736\" class=\"wp-block-cover__image-background wp-image-214 size-full\" alt=\"\" src=\"https:\/\/www.botscol.com\/wp-content\/uploads\/2025\/09\/datacenter.png\" style=\"object-position:39% 18%\" data-object-fit=\"cover\" data-object-position=\"39% 18%\" srcset=\"https:\/\/www.botscol.com\/wp-content\/uploads\/2025\/09\/datacenter.png 1408w, https:\/\/www.botscol.com\/wp-content\/uploads\/2025\/09\/datacenter-300x157.png 300w, https:\/\/www.botscol.com\/wp-content\/uploads\/2025\/09\/datacenter-1024x535.png 1024w, https:\/\/www.botscol.com\/wp-content\/uploads\/2025\/09\/datacenter-768x401.png 768w\" sizes=\"auto, (max-width: 1408px) 100vw, 1408px\" \/><span aria-hidden=\"true\" class=\"wp-block-cover__background has-background-dim-60 has-background-dim\" style=\"background-color:#676767\"><\/span><div class=\"wp-block-cover__inner-container has-global-padding is-layout-constrained wp-block-cover-is-layout-constrained\">\n<div class=\"wp-block-group is-layout-flow wp-block-group-is-layout-flow\">\n<p class=\"has-x-large-font-size\"><\/p>\n\n\n\n<p class=\"has-x-large-font-size\"><br><em><strong><mark style=\"background-color:rgba(0, 0, 0, 0)\" class=\"has-inline-color has-accent-2-color\">QUIENES SOMOS<\/mark><\/strong><\/em><\/p>\n\n\n\n<p class=\"has-large-font-size\"><strong>En BotsCol, creemos que la automatizaci\u00f3n es la clave para el futuro de los negocios. Nos especializamos en crear soluciones digitales que permiten a las empresas optimizar su tiempo, reducir errores y enfocarse en lo realmente importante: hacer crecer su negocio.<\/strong><\/p>\n\n\n\n<p><\/p>\n\n\n\n<p class=\"has-x-large-font-size\"><em><strong><mark style=\"background-color:rgba(0, 0, 0, 0)\" class=\"has-inline-color has-accent-2-color\">NUESTRA MISION <\/mark><\/strong><\/em><\/p>\n\n\n\n<p class=\"has-large-font-size\">Transformar tareas repetitivas en procesos inteligentes que generen valor y eficiencia para nuestros clientes, impulsando la transformaci\u00f3n digital en Colombia y Latinoam\u00e9rica.<\/p>\n\n\n\n<p><\/p>\n\n\n\n<p class=\"has-x-large-font-size\"><em><strong><mark style=\"background-color:rgba(0, 0, 0, 0)\" class=\"has-inline-color has-accent-2-color\">NUESTRA VISION <\/mark><\/strong><\/em><\/p>\n<\/div>\n\n\n\n<h2 class=\"wp-block-heading\">Ser referentes en soluciones de automatizaci\u00f3n empresarial, ofreciendo herramientas innovadoras y confiables que ayuden a nuestros clientes a mantenerse competitivos en la era digital.<\/h2>\n\n\n\n<div class=\"wp-block-group is-layout-flow wp-block-group-is-layout-flow\">\n<div style=\"height:3em\" aria-hidden=\"true\" class=\"wp-block-spacer\"><\/div>\n\n\n\n<div class=\"wp-block-buttons is-content-justification-center is-layout-flex wp-container-core-buttons-is-layout-a89b3969 wp-block-buttons-is-layout-flex\">\n<div class=\"wp-block-button is-style-outline is-style-outline--1\"><a class=\"wp-block-button__link has-contrast-color has-light-green-cyan-background-color has-text-color has-background has-link-color has-small-font-size has-custom-font-size wp-element-button\" href=\"https:\/\/wa.me\/573206668276\" style=\"border-style:none;border-width:0px;border-radius:0px;padding-top:var(--wp--preset--spacing--30);padding-right:var(--wp--preset--spacing--20);padding-bottom:var(--wp--preset--spacing--30);padding-left:var(--wp--preset--spacing--20)\"><strong>CONTACTANOS<\/strong><\/a><\/div>\n<\/div>\n<\/div>\n<\/div><\/div>\n\n\n\n<div class=\"wp-block-group alignfull has-base-2-color has-contrast-background-color has-text-color has-background has-link-color wp-elements-cac0b65c5301664176d9b184f912dcdc has-global-padding is-layout-constrained wp-block-group-is-layout-constrained\" style=\"margin-top:0;padding-top:var(--wp--preset--spacing--80);padding-bottom:var(--wp--preset--spacing--80)\">\n<div class=\"wp-block-group alignwide is-layout-grid wp-container-core-group-is-layout-66f51013 wp-block-group-is-layout-grid\">\n<div class=\"wp-block-group has-global-padding is-layout-constrained wp-block-group-is-layout-constrained\">\n<figure class=\"wp-block-image is-resized wp-duotone-87c826-ffffff-2\"><img decoding=\"async\" src=\"https:\/\/www.botscol.com\/wp-content\/themes\/eternal\/assets\/images\/icon-wrench.png\" alt=\"\" style=\"width:48px\"\/><\/figure>\n\n\n\n<h3 class=\"wp-block-heading has-base-color has-text-color has-link-color wp-elements-d181f086fa1e179764819fc38ecf20bc\">Nuestras Pol\u00edticas<\/h3>\n\n\n\n<ul class=\"wp-block-list is-style-check has-accent-2-color has-text-color has-link-color wp-elements-b202b118b4d6949f43cd87cd10a3271c\">\n<li>Pol\u00edtica de seguridad de la informaci\u00f3n<\/li>\n\n\n\n<li>Pol\u00edtica de Ciberseguridad<\/li>\n\n\n\n<li>Pol\u00edtica de Cookies<\/li>\n<\/ul>\n<\/div>\n\n\n\n<div class=\"wp-block-group has-global-padding is-layout-constrained wp-block-group-is-layout-constrained\">\n<figure class=\"wp-block-image is-resized wp-duotone-87c826-ffffff-3\"><img decoding=\"async\" src=\"https:\/\/www.botscol.com\/wp-content\/themes\/eternal\/assets\/images\/icon-brakes.png\" alt=\"\" style=\"width:48px\"\/><\/figure>\n\n\n\n<h3 class=\"wp-block-heading has-base-color has-text-color has-link-color wp-elements-3d1bc5f283c05a191c83176b247d4ca0\">Certificacion<\/h3>\n\n\n\n<ul class=\"wp-block-list is-style-check has-accent-2-color has-text-color has-link-color wp-elements-b2227d4685f1568209ddef237febc0ba\">\n<li>Certificaci\u00f3n Sagrilaft<\/li>\n\n\n\n<li>Certificaci\u00f3n PTEE<\/li>\n\n\n\n<li>Certificaci\u00f3n Iso27001:2022<\/li>\n<\/ul>\n<\/div>\n\n\n\n<div class=\"wp-block-group has-global-padding is-layout-constrained wp-block-group-is-layout-constrained\">\n<figure class=\"wp-block-image is-resized wp-duotone-87c826-ffffff-4\"><img decoding=\"async\" src=\"https:\/\/www.botscol.com\/wp-content\/themes\/eternal\/assets\/images\/icon-engine.png\" alt=\"\" style=\"width:48px\"\/><\/figure>\n\n\n\n<h3 class=\"wp-block-heading has-base-color has-text-color has-link-color wp-elements-4512c7ef16555276001930ea235b9325\">Capacitaciones<\/h3>\n\n\n\n<ul class=\"wp-block-list is-style-check has-accent-2-color has-text-color has-link-color wp-elements-24a5152d53dbf999ccffa66ee139485d\">\n<li>Profesionales capacitados con los est\u00e1ndares de calidad<\/li>\n\n\n\n<li>Seguridad en la informaci\u00f3n 24\/7<\/li>\n\n\n\n<li>Servicios agiles y oportunos<\/li>\n<\/ul>\n<\/div>\n<\/div>\n<\/div>\n\n\n\n<div class=\"wp-block-group alignfull has-base-3-background-color has-background has-global-padding is-layout-constrained wp-block-group-is-layout-constrained\" style=\"margin-top:0;padding-top:var(--wp--preset--spacing--80);padding-bottom:var(--wp--preset--spacing--80)\">\n<div class=\"wp-block-media-text alignwide has-media-on-the-right is-stacked-on-mobile\"><div class=\"wp-block-media-text__content\">\n<p><strong>En Botscol seguimos consolidando nuestro proceso de transformaci\u00f3n organizacional con el prop\u00f3sito de robustecer los est\u00e1ndares de calidad del servicio y optimizar el desempe\u00f1o operativo. En el transcurso del presente a\u00f1o, se han ejecutado diversas iniciativas estrat\u00e9gicas orientadas a la mejora continua, enfocadas en brindar una experiencia m\u00e1s eficiente, oportuna y especializada, alineando todas nuestras operaciones bajo un enfoque centrado en el cliente.<\/strong><\/p>\n<\/div><figure class=\"wp-block-media-text__media\"><img loading=\"lazy\" decoding=\"async\" width=\"1024\" height=\"535\" src=\"http:\/\/www.botscol.com\/wp-content\/uploads\/2025\/09\/diseno-software-1024x535.png\" alt=\"\" class=\"wp-image-232 size-full\" srcset=\"https:\/\/www.botscol.com\/wp-content\/uploads\/2025\/09\/diseno-software-1024x535.png 1024w, https:\/\/www.botscol.com\/wp-content\/uploads\/2025\/09\/diseno-software-300x157.png 300w, https:\/\/www.botscol.com\/wp-content\/uploads\/2025\/09\/diseno-software-768x401.png 768w, https:\/\/www.botscol.com\/wp-content\/uploads\/2025\/09\/diseno-software.png 1408w\" sizes=\"auto, (max-width: 1024px) 100vw, 1024px\" \/><\/figure><\/div>\n<\/div>\n\n\n\n<div class=\"wp-block-group alignfull has-base-background-color has-background has-global-padding is-layout-constrained wp-block-group-is-layout-constrained\" style=\"margin-top:0;padding-top:var(--wp--preset--spacing--70);padding-bottom:var(--wp--preset--spacing--70)\">\n<h2 class=\"wp-block-heading has-text-align-center\">En BotsCol ofrecemos soluciones de automatizaci\u00f3n adaptadas a las necesidades de cada empresa:<\/h2>\n\n\n\n<p class=\"has-text-align-center\"><\/p>\n\n\n\n<p><\/p>\n\n\n\n<p><\/p>\n\n\n\n<p><\/p>\n\n\n\n<div class=\"wp-block-columns alignwide is-layout-flex wp-container-core-columns-is-layout-66fad18a wp-block-columns-is-layout-flex\">\n<div class=\"wp-block-column is-layout-flow wp-block-column-is-layout-flow\">\n<p class=\"has-text-align-center has-accent-2-color has-text-color has-link-color has-xx-large-font-size wp-elements-847bd298890668428124e111d0cda5a2\" style=\"font-style:normal;font-weight:900\">1<\/p>\n\n\n\n<p class=\"has-text-align-center\" style=\"font-style:normal;font-weight:600\"><strong>Gesti\u00f3n de Correos y Adjuntos<\/strong>: clasificaci\u00f3n y organizaci\u00f3n autom\u00e1tica de la comunicaci\u00f3n empresarial.<\/p>\n<\/div>\n\n\n\n<div class=\"wp-block-column is-layout-flow wp-block-column-is-layout-flow\">\n<p class=\"has-text-align-center has-accent-2-color has-text-color has-link-color has-xx-large-font-size wp-elements-5911de12f38f37ab6d0f9efff2efe444\" style=\"font-style:normal;font-weight:900\">2<\/p>\n\n\n\n<p class=\"has-text-align-center\" style=\"font-style:normal;font-weight:600\"><strong>Web Scraping Automatizado<\/strong>: extracci\u00f3n inteligente de datos para an\u00e1lisis y toma de decisiones.<\/p>\n<\/div>\n\n\n\n<div class=\"wp-block-column is-layout-flow wp-block-column-is-layout-flow\">\n<p class=\"has-text-align-center has-accent-2-color has-text-color has-link-color has-xx-large-font-size wp-elements-6cf20d87b7c345d180ffd3034a6e431a\" style=\"font-style:normal;font-weight:900\">3<\/p>\n\n\n\n<p class=\"has-text-align-center\" style=\"font-style:normal;font-weight:600\"><strong>Bot de Facturaci\u00f3n DIAN<\/strong>: gesti\u00f3n \u00e1gil y autom\u00e1tica de facturas electr\u00f3nicas.<\/p>\n<\/div>\n\n\n\n<div class=\"wp-block-column is-layout-flow wp-block-column-is-layout-flow\">\n<p class=\"has-text-align-center has-accent-2-color has-text-color has-link-color has-xx-large-font-size wp-elements-69eb93a4a6ccbdf9b081634bee3ebc63\" style=\"font-style:normal;font-weight:900\">4<\/p>\n\n\n\n<p class=\"has-text-align-center\" style=\"font-style:normal;font-weight:600\"><strong>Reportes Financieros Autom\u00e1ticos<\/strong>: informes claros y en tiempo real.<\/p>\n<\/div>\n<\/div>\n<\/div>\n\n\n\n<div class=\"wp-block-group alignfull has-contrast-2-background-color has-background has-global-padding is-layout-constrained wp-block-group-is-layout-constrained\" style=\"margin-top:0;padding-top:0;padding-bottom:0\">\n<div class=\"wp-block-media-text alignfull is-stacked-on-mobile\"><figure class=\"wp-block-media-text__media\"><img loading=\"lazy\" decoding=\"async\" width=\"1024\" height=\"535\" src=\"http:\/\/www.botscol.com\/wp-content\/uploads\/2025\/09\/Whisk_d059df94ad-1024x535.png\" alt=\"\" class=\"wp-image-169 size-full\" srcset=\"https:\/\/www.botscol.com\/wp-content\/uploads\/2025\/09\/Whisk_d059df94ad-1024x535.png 1024w, https:\/\/www.botscol.com\/wp-content\/uploads\/2025\/09\/Whisk_d059df94ad-300x157.png 300w, https:\/\/www.botscol.com\/wp-content\/uploads\/2025\/09\/Whisk_d059df94ad-768x401.png 768w, https:\/\/www.botscol.com\/wp-content\/uploads\/2025\/09\/Whisk_d059df94ad.png 1408w\" sizes=\"auto, (max-width: 1024px) 100vw, 1024px\" \/><\/figure><div class=\"wp-block-media-text__content\">\n<div class=\"wp-block-group has-global-padding is-layout-constrained wp-container-core-group-is-layout-adcfd506 wp-block-group-is-layout-constrained\" style=\"padding-top:var(--wp--preset--spacing--60);padding-right:var(--wp--preset--spacing--40);padding-bottom:var(--wp--preset--spacing--60);padding-left:var(--wp--preset--spacing--40)\">\n<h3 class=\"wp-block-heading has-base-color has-text-color has-link-color wp-elements-e98f2c69d759eb26e47bb766df3c2d94\">Profesionales a tu servicio<\/h3>\n\n\n\n<div class=\"wp-block-group is-nowrap is-layout-flex wp-container-core-group-is-layout-6c531013 wp-block-group-is-layout-flex\">\n<figure class=\"wp-block-image is-resized wp-duotone-87c826-ffffff-5\"><img decoding=\"async\" src=\"https:\/\/www.botscol.com\/wp-content\/themes\/eternal\/assets\/images\/icon-clock.png\" alt=\"\" style=\"width:24px\"\/><\/figure>\n\n\n\n<p class=\"has-base-3-color has-text-color has-link-color wp-elements-1c95b3f81a57d05db02896dd6a0376e8\">Lunes: 8<mark style=\"background-color:rgba(0, 0, 0, 0)\" class=\"has-inline-color has-base-color\">am<\/mark> a <mark style=\"background-color:rgba(0, 0, 0, 0)\" class=\"has-inline-color has-base-color\">6pm<\/mark> | S\u00e1bados: <mark style=\"background-color:rgba(0, 0, 0, 0)\" class=\"has-inline-color has-base-color\">9am<\/mark> a <mark style=\"background-color:rgba(0, 0, 0, 0)\" class=\"has-inline-color has-base-color\">1pm<\/mark><\/p>\n<\/div>\n\n\n\n<div class=\"wp-block-group is-nowrap is-layout-flex wp-container-core-group-is-layout-6c531013 wp-block-group-is-layout-flex\">\n<figure class=\"wp-block-image is-resized wp-duotone-87c826-ffffff-6\"><img decoding=\"async\" src=\"https:\/\/www.botscol.com\/wp-content\/themes\/eternal\/assets\/images\/icon-phone.png\" alt=\"\" style=\"width:24px\"\/><\/figure>\n\n\n\n<p class=\"has-base-3-color has-text-color has-link-color wp-elements-6eadb0ec6e4e6dc557a5daf2b335ec89\">Celular: <mark style=\"background-color:rgba(0, 0, 0, 0)\" class=\"has-inline-color has-base-color\"><strong>3206668276<\/strong><\/mark><\/p>\n<\/div>\n\n\n\n<div class=\"wp-block-group is-nowrap is-layout-flex wp-container-core-group-is-layout-6c531013 wp-block-group-is-layout-flex\">\n<figure class=\"wp-block-image is-resized wp-duotone-87c826-ffffff-7\"><img decoding=\"async\" src=\"https:\/\/www.botscol.com\/wp-content\/themes\/eternal\/assets\/images\/icon-circle-arrow.png\" alt=\"\" style=\"width:24px\"\/><\/figure>\n\n\n\n<div class=\"wp-block-buttons is-layout-flex wp-block-buttons-is-layout-flex\">\n<div class=\"wp-block-button is-style-outline is-style-outline--8\"><a class=\"wp-block-button__link has-contrast-color has-accent-2-background-color has-text-color has-background has-link-color has-small-font-size has-custom-font-size wp-element-button\" href=\"https:\/\/wa.me\/573206668276\" style=\"border-radius:0px;padding-top:var(--wp--preset--spacing--20);padding-right:var(--wp--preset--spacing--20);padding-bottom:var(--wp--preset--spacing--20);padding-left:var(--wp--preset--spacing--20)\">Chat de <strong>Soporte<\/strong><\/a><\/div>\n<\/div>\n<\/div>\n<\/div>\n<\/div><\/div>\n<\/div>\n","protected":false},"excerpt":{"rendered":"<p>Nuestras Pol\u00edticas Certificacion Capacitaciones En Botscol seguimos consolidando nuestro proceso de transformaci\u00f3n organizacional con el prop\u00f3sito de robustecer los est\u00e1ndares de calidad del servicio y optimizar el desempe\u00f1o operativo. En el transcurso del presente a\u00f1o, se han ejecutado diversas iniciativas estrat\u00e9gicas orientadas a la mejora continua, enfocadas en brindar una experiencia m\u00e1s eficiente, oportuna y [&hellip;]<\/p>\n","protected":false},"author":1,"featured_media":0,"parent":0,"menu_order":0,"comment_status":"closed","ping_status":"closed","template":"","meta":{"footnotes":""},"class_list":["post-47","page","type-page","status-publish","hentry"],"_links":{"self":[{"href":"https:\/\/www.botscol.com\/index.php\/wp-json\/wp\/v2\/pages\/47","targetHints":{"allow":["GET"]}}],"collection":[{"href":"https:\/\/www.botscol.com\/index.php\/wp-json\/wp\/v2\/pages"}],"about":[{"href":"https:\/\/www.botscol.com\/index.php\/wp-json\/wp\/v2\/types\/page"}],"author":[{"embeddable":true,"href":"https:\/\/www.botscol.com\/index.php\/wp-json\/wp\/v2\/users\/1"}],"replies":[{"embeddable":true,"href":"https:\/\/www.botscol.com\/index.php\/wp-json\/wp\/v2\/comments?post=47"}],"version-history":[{"count":77,"href":"https:\/\/www.botscol.com\/index.php\/wp-json\/wp\/v2\/pages\/47\/revisions"}],"predecessor-version":[{"id":401,"href":"https:\/\/www.botscol.com\/index.php\/wp-json\/wp\/v2\/pages\/47\/revisions\/401"}],"wp:attachment":[{"href":"https:\/\/www.botscol.com\/index.php\/wp-json\/wp\/v2\/media?parent=47"}],"curies":[{"name":"wp","href":"https:\/\/api.w.org\/{rel}","templated":true}]}}